{"id":747,"date":"2022-04-14T11:09:30","date_gmt":"2022-04-14T09:09:30","guid":{"rendered":"https:\/\/scacchi.it\/home-2\/"},"modified":"2022-07-05T09:33:55","modified_gmt":"2022-07-05T07:33:55","slug":"home-2","status":"publish","type":"page","link":"https:\/\/scacchi.it\/tr\/","title":{"rendered":"Home"},"content":{"rendered":"\t<section class=\"section hero-banner-home\" id=\"section_1470875754\">\n\t\t<div class=\"bg section-bg fill bg-fill  bg-loaded\" >\n\n\t\t\t\n\t\t\t\n\t\t\t\n\n\t\t<\/div>\n\n\t\t<div class=\"section-content relative\">\n\t\t\t\n\t<div id=\"gap-59761372\" class=\"gap-element clearfix\" style=\"display:block; height:auto;\">\n\t\t\n<style>\n#gap-59761372 {\n  padding-top: 30px;\n}\n<\/style>\n\t<\/div>\n\t\n<div class=\"row align-middle align-center\"  id=\"row-2061062744\">\n\n\t<div id=\"col-2024045491\" class=\"col medium-5 small-12 large-5\"  >\n\t\t<div class=\"col-inner\"  >\n\t\t\t\n\t\t\t\n\t<div class=\"img has-hover x md-x lg-x y md-y lg-y\" id=\"image_2008307963\">\n\t\t<a class=\"\" href=\"https:\/\/play.scacchi.it\/\"  >\t\t\t\t\t\t<div class=\"img-inner dark\" >\n\t\t\t<img loading=\"lazy\" decoding=\"async\" width=\"350\" height=\"360\" src=\"https:\/\/scacchi.it\/wp-content\/uploads\/2021\/05\/scacchiera_home.png\" class=\"attachment-original size-original\" alt=\"\" srcset=\"https:\/\/scacchi.it\/wp-content\/uploads\/2021\/05\/scacchiera_home.png 350w, https:\/\/scacchi.it\/wp-content\/uploads\/2021\/05\/scacchiera_home-292x300.png 292w\" sizes=\"(max-width: 350px) 100vw, 350px\" \/>\t\t\t\t\t\t\n\t\t\t\t\t<\/div>\n\t\t\t\t\t\t<\/a>\t\t\n<style>\n#image_2008307963 {\n  width: 100%;\n}\n@media (min-width:550px) {\n  #image_2008307963 {\n    width: 100%;\n  }\n}\n<\/style>\n\t<\/div>\n\t\n\t\t<\/div>\n\t\t\t<\/div>\n\n\t\n\n\t<div id=\"col-1474717566\" class=\"col medium-6 small-12 large-6\"  >\n\t\t<div class=\"col-inner text-left dark\"  >\n\t\t\t\n\t\t\t\n\t<div id=\"gap-1456110694\" class=\"gap-element clearfix hide-for-medium\" style=\"display:block; height:auto;\">\n\t\t\n<style>\n#gap-1456110694 {\n  padding-top: 55px;\n}\n@media (min-width:850px) {\n  #gap-1456110694 {\n    padding-top: 30px;\n  }\n}\n<\/style>\n\t<\/div>\n\t\n<div class=\"row align-center\"  id=\"row-128596296\">\n\n\t<div id=\"col-1031684921\" class=\"col medium-9 small-12 large-9\"  >\n\t\t<div class=\"col-inner\"  >\n\t\t\t\n\t\t\t\n\t<div class=\"img has-hover x md-x lg-x y md-y lg-y\" id=\"image_299474073\">\n\t\t\t\t\t\t\t\t<div class=\"img-inner dark\" >\n\t\t\t<img loading=\"lazy\" decoding=\"async\" width=\"581\" height=\"259\" src=\"https:\/\/scacchi.it\/wp-content\/uploads\/2022\/07\/YENI_SATRANC_logo.png\" class=\"attachment-original size-original\" alt=\"\" srcset=\"https:\/\/scacchi.it\/wp-content\/uploads\/2022\/07\/YENI_SATRANC_logo.png 581w, https:\/\/scacchi.it\/wp-content\/uploads\/2022\/07\/YENI_SATRANC_logo-300x134.png 300w\" sizes=\"(max-width: 581px) 100vw, 581px\" \/>\t\t\t\t\t\t\n\t\t\t\t\t<\/div>\n\t\t\t\t\t\t\t\t\n<style>\n#image_299474073 {\n  width: 100%;\n}\n<\/style>\n\t<\/div>\n\t\n<p><a class=\"button primary is-larger box-shadow-3 box-shadow-3-hover expand\" style=\"border-radius: 10px; padding: 18px 24px 18px 24px;\" href=\"https:\/\/play.scacchi.it\/setup\/ai\"><img decoding=\"async\" class=\"helper\" style=\"width: 40px;\" src=\"https:\/\/scacchi.it\/wp-content\/uploads\/2021\/05\/scacchi_.png\" \/><span class=\"mg-15\">B\u0130LG\u0130SAYARA KAR\u015eI M\u00dcCADELE<\/span><\/a><\/p>\n\t\t<\/div>\n\t\t\t<\/div>\n\n\t\n\n\t<div id=\"col-1874004461\" class=\"col medium-9 small-12 large-9\"  >\n\t\t<div class=\"col-inner text-center\"  >\n\t\t\t\n\t\t\t\n<p><a class=\"button white is-larger box-shadow-3 box-shadow-4-hover expand\" style=\"border-radius: 10px; padding: 10px 24px 10px 24px;\" href=\"https:\/\/play.scacchi.it\/setup\/hook\"><img decoding=\"async\" class=\"helper\" style=\"width: 40px;\" src=\"https:\/\/scacchi.it\/wp-content\/uploads\/2021\/05\/scacchi_gioca_button_icon.png\" \/><span class=\"mg-15\">\u00c7EVR\u0130M\u0130\u00c7\u0130 M\u00dcCADELE<\/span><\/a><\/p>\n<p><a class=\"button white is-larger box-shadow-3 box-shadow-4-hover expand\" style=\"border-radius: 10px; padding: 10px 24px 10px 24px;\" href=\"https:\/\/play.scacchi.it\/setup\/friend\"><img decoding=\"async\" class=\"helper\" style=\"width: 40px;\" src=\"https:\/\/scacchi.it\/wp-content\/uploads\/2021\/11\/sfida_amico.png\" \/><span class=\"mg-15\">B\u0130R ARKADA\u015eA MEYDAN OKUYUN<\/span><\/a><\/p>\n\t\t<\/div>\n\t\t\t<\/div>\n\n\t\n<\/div>\n\t\t<\/div>\n\t\t\t<\/div>\n\n\t\n<\/div>\n\t\t<\/div>\n\n\t\t\n<style>\n#section_1470875754 {\n  padding-top: 30px;\n  padding-bottom: 30px;\n}\n<\/style>\n\t<\/section>\n\t\n\t<section class=\"section hero-banner-home\" id=\"section_477687485\">\n\t\t<div class=\"bg section-bg fill bg-fill  bg-loaded\" >\n\n\t\t\t\n\t\t\t\n\t\t\t\n\n\t\t<\/div>\n\n\t\t<div class=\"section-content relative\">\n\t\t\t\n<div class=\"row align-middle sfondo-sezione-over-blue\"  id=\"row-424874962\">\n\n\t<div id=\"col-205833660\" class=\"col medium-6 small-12 large-6\"  >\n\t\t<div class=\"col-inner text-left dark\"  >\n\t\t\t\n\t\t\t\n\t<div id=\"text-580427587\" class=\"text\">\n\t\t\n<h2>Satran\u00e7 \u00f6\u011frenin<\/h2>\n\t\t\n<style>\n#text-580427587 {\n  text-align: center;\n}\n<\/style>\n\t<\/div>\n\t\n<div class=\"row align-middle align-center\"  id=\"row-675816109\">\n\n\t<div id=\"col-320560339\" class=\"col medium-8 small-12 large-8\"  >\n\t\t<div class=\"col-inner\"  >\n\t\t\t\n\t\t\t\n<p><a class=\"button white is-larger box-shadow-3 box-shadow-4-hover expand\" style=\"border-radius: 10px; padding: 10px 24px 10px 24px;\" href=\"https:\/\/play.scacchi.it\/practice\"><img decoding=\"async\" class=\"helper\" style=\"width: 40px;\" src=\"https:\/\/scacchi.it\/wp-content\/uploads\/2021\/05\/impara_button.png\" \/>\u00d6\u011eREN<br \/><\/a><\/p>\n\t\t<\/div>\n\t\t\t<\/div>\n\n\t\n<\/div>\n\t\t<\/div>\n\t\t\t<\/div>\n\n\t\n\n\t<div id=\"col-140606319\" class=\"col medium-6 small-12 large-6 small-col-first\"  >\n\t\t<div class=\"col-inner text-center\"  >\n\t\t\t\n\t\t\t\n\t<div class=\"img has-hover x md-x lg-x y md-y lg-y\" id=\"image_468185149\">\n\t\t\t\t\t\t\t\t<div class=\"img-inner dark\" >\n\t\t\t<img loading=\"lazy\" decoding=\"async\" width=\"350\" height=\"349\" src=\"https:\/\/scacchi.it\/wp-content\/uploads\/2021\/05\/scacchi_it_impara.jpg\" class=\"attachment-original size-original\" alt=\"\" srcset=\"https:\/\/scacchi.it\/wp-content\/uploads\/2021\/05\/scacchi_it_impara.jpg 350w, https:\/\/scacchi.it\/wp-content\/uploads\/2021\/05\/scacchi_it_impara-300x300.jpg 300w, https:\/\/scacchi.it\/wp-content\/uploads\/2021\/05\/scacchi_it_impara-150x150.jpg 150w, https:\/\/scacchi.it\/wp-content\/uploads\/2021\/05\/scacchi_it_impara-100x100.jpg 100w\" sizes=\"(max-width: 350px) 100vw, 350px\" \/>\t\t\t\t\t\t\n\t\t\t\t\t<\/div>\n\t\t\t\t\t\t\t\t\n<style>\n#image_468185149 {\n  width: 70%;\n}\n<\/style>\n\t<\/div>\n\t\n\t\t<\/div>\n\t\t\n<style>\n#col-140606319 > .col-inner {\n  padding: 10px 10px 10px 10px;\n  margin: 20px 0px 0px 0px;\n}\n<\/style>\n\t<\/div>\n\n\t\n<\/div>\n\t\t<\/div>\n\n\t\t\n<style>\n#section_477687485 {\n  padding-top: 30px;\n  padding-bottom: 30px;\n}\n<\/style>\n\t<\/section>\n\t\n\t<section class=\"section hero-banner-home\" id=\"section_1583958647\">\n\t\t<div class=\"bg section-bg fill bg-fill  bg-loaded\" >\n\n\t\t\t\n\t\t\t\n\t\t\t\n\n\t\t<\/div>\n\n\t\t<div class=\"section-content relative\">\n\t\t\t\n<div class=\"row align-middle sfondo-sezione-over-blue\"  id=\"row-1438999014\">\n\n\t<div id=\"col-397450573\" class=\"col medium-6 small-12 large-6 small-col-first\"  >\n\t\t<div class=\"col-inner text-center\"  >\n\t\t\t\n\t\t\t\n\t<div class=\"img has-hover x md-x lg-x y md-y lg-y\" id=\"image_1688360581\">\n\t\t\t\t\t\t\t\t<div class=\"img-inner dark\" style=\"margin:20px 0px 0px 0px;\">\n\t\t\t<img loading=\"lazy\" decoding=\"async\" width=\"350\" height=\"347\" src=\"https:\/\/scacchi.it\/wp-content\/uploads\/2021\/05\/scacchi_it_comunita.jpg\" class=\"attachment-large size-large\" alt=\"\" srcset=\"https:\/\/scacchi.it\/wp-content\/uploads\/2021\/05\/scacchi_it_comunita.jpg 350w, https:\/\/scacchi.it\/wp-content\/uploads\/2021\/05\/scacchi_it_comunita-300x297.jpg 300w, https:\/\/scacchi.it\/wp-content\/uploads\/2021\/05\/scacchi_it_comunita-150x150.jpg 150w, https:\/\/scacchi.it\/wp-content\/uploads\/2021\/05\/scacchi_it_comunita-100x100.jpg 100w\" sizes=\"(max-width: 350px) 100vw, 350px\" \/>\t\t\t\t\t\t\n\t\t\t\t\t<\/div>\n\t\t\t\t\t\t\t\t\n<style>\n#image_1688360581 {\n  width: 70%;\n}\n<\/style>\n\t<\/div>\n\t\n\t\t<\/div>\n\t\t\n<style>\n#col-397450573 > .col-inner {\n  padding: 10px 10px 10px 10px;\n}\n<\/style>\n\t<\/div>\n\n\t\n\n\t<div id=\"col-1599331158\" class=\"col medium-6 small-12 large-6\"  >\n\t\t<div class=\"col-inner text-left dark\"  >\n\t\t\t\n\t\t\t\n\t<div id=\"text-3755430304\" class=\"text\">\n\t\t\n<h2>TOPLULU\u011eU KE\u015eFED\u0130N<\/h2>\n\t\t\n<style>\n#text-3755430304 {\n  text-align: center;\n}\n<\/style>\n\t<\/div>\n\t\n<div class=\"row align-middle align-center\"  id=\"row-1729794984\">\n\n\t<div id=\"col-392498265\" class=\"col medium-8 small-12 large-8\"  >\n\t\t<div class=\"col-inner\"  >\n\t\t\t\n\t\t\t\n<p><a class=\"button white is-larger box-shadow-3 box-shadow-4-hover expand\" style=\"border-radius: 10px; padding: 10px 24px 10px 24px;\" href=\"https:\/\/play.scacchi.it\/player\"><img decoding=\"async\" class=\"helper\" style=\"width: 40px;\" src=\"https:\/\/scacchi.it\/wp-content\/uploads\/2021\/05\/comunita_button.png\" \/><span class=\"mg-15\">toplum<\/span><br \/><\/a><\/p>\n\t\t<\/div>\n\t\t\t<\/div>\n\n\t\n<\/div>\n\t\t<\/div>\n\t\t\t<\/div>\n\n\t\n<\/div>\n\t\t<\/div>\n\n\t\t\n<style>\n#section_1583958647 {\n  padding-top: 30px;\n  padding-bottom: 30px;\n}\n<\/style>\n\t<\/section>\n\t\n","protected":false},"excerpt":{"rendered":"","protected":false},"author":1,"featured_media":0,"parent":0,"menu_order":0,"comment_status":"closed","ping_status":"closed","template":"page-blank.php","meta":{"footnotes":""},"yoast_head":"<!-- This site is optimized with the Yoast SEO plugin v22.6 - https:\/\/yoast.com\/wordpress\/plugins\/seo\/ -->\n<title>Home - Scacchi.it<\/title>\n<meta name=\"robots\" content=\"index, follow, max-snippet:-1, max-image-preview:large, max-video-preview:-1\" \/>\n<link rel=\"canonical\" href=\"https:\/\/scacchi.it\/tr\/\" \/>\n<meta property=\"og:locale\" content=\"tr_TR\" \/>\n<meta property=\"og:type\" content=\"article\" \/>\n<meta property=\"og:title\" content=\"Home - Scacchi.it\" \/>\n<meta property=\"og:url\" content=\"https:\/\/scacchi.it\/tr\/\" \/>\n<meta property=\"og:site_name\" content=\"Scacchi.it\" \/>\n<meta property=\"article:modified_time\" content=\"2022-07-05T07:33:55+00:00\" \/>\n<meta property=\"og:image\" content=\"https:\/\/scacchi.it\/wp-content\/uploads\/2021\/05\/scacchi_.png\" \/>\n<meta name=\"twitter:card\" content=\"summary_large_image\" \/>\n<meta name=\"twitter:label1\" content=\"Tahmini okuma s\u00fcresi\" \/>\n\t<meta name=\"twitter:data1\" content=\"1 dakika\" \/>\n<script type=\"application\/ld+json\" class=\"yoast-schema-graph\">{\"@context\":\"https:\/\/schema.org\",\"@graph\":[{\"@type\":\"WebPage\",\"@id\":\"https:\/\/scacchi.it\/tr\/\",\"url\":\"https:\/\/scacchi.it\/tr\/\",\"name\":\"Home - Scacchi.it\",\"isPartOf\":{\"@id\":\"https:\/\/scacchi.it\/#website\"},\"primaryImageOfPage\":{\"@id\":\"https:\/\/scacchi.it\/tr\/#primaryimage\"},\"image\":{\"@id\":\"https:\/\/scacchi.it\/tr\/#primaryimage\"},\"thumbnailUrl\":\"https:\/\/scacchi.it\/wp-content\/uploads\/2021\/05\/scacchi_.png\",\"datePublished\":\"2022-04-14T09:09:30+00:00\",\"dateModified\":\"2022-07-05T07:33:55+00:00\",\"breadcrumb\":{\"@id\":\"https:\/\/scacchi.it\/tr\/#breadcrumb\"},\"inLanguage\":\"tr\",\"potentialAction\":[{\"@type\":\"ReadAction\",\"target\":[\"https:\/\/scacchi.it\/tr\/\"]}]},{\"@type\":\"ImageObject\",\"inLanguage\":\"tr\",\"@id\":\"https:\/\/scacchi.it\/tr\/#primaryimage\",\"url\":\"https:\/\/scacchi.it\/wp-content\/uploads\/2021\/05\/scacchi_.png\",\"contentUrl\":\"https:\/\/scacchi.it\/wp-content\/uploads\/2021\/05\/scacchi_.png\"},{\"@type\":\"BreadcrumbList\",\"@id\":\"https:\/\/scacchi.it\/tr\/#breadcrumb\",\"itemListElement\":[{\"@type\":\"ListItem\",\"position\":1,\"name\":\"Home\",\"item\":\"https:\/\/scacchi.it\/tr\/\"},{\"@type\":\"ListItem\",\"position\":2,\"name\":\"Home\"}]},{\"@type\":\"WebSite\",\"@id\":\"https:\/\/scacchi.it\/#website\",\"url\":\"https:\/\/scacchi.it\/\",\"name\":\"Scacchi.it\",\"description\":\"Scacchi\",\"potentialAction\":[{\"@type\":\"SearchAction\",\"target\":{\"@type\":\"EntryPoint\",\"urlTemplate\":\"https:\/\/scacchi.it\/?s={search_term_string}\"},\"query-input\":\"required name=search_term_string\"}],\"inLanguage\":\"tr\"}]}<\/script>\n<!-- \/ Yoast SEO plugin. -->","yoast_head_json":{"title":"Home - Scacchi.it","robots":{"index":"index","follow":"follow","max-snippet":"max-snippet:-1","max-image-preview":"max-image-preview:large","max-video-preview":"max-video-preview:-1"},"canonical":"https:\/\/scacchi.it\/tr\/","og_locale":"tr_TR","og_type":"article","og_title":"Home - Scacchi.it","og_url":"https:\/\/scacchi.it\/tr\/","og_site_name":"Scacchi.it","article_modified_time":"2022-07-05T07:33:55+00:00","og_image":[{"url":"https:\/\/scacchi.it\/wp-content\/uploads\/2021\/05\/scacchi_.png"}],"twitter_card":"summary_large_image","twitter_misc":{"Tahmini okuma s\u00fcresi":"1 dakika"},"schema":{"@context":"https:\/\/schema.org","@graph":[{"@type":"WebPage","@id":"https:\/\/scacchi.it\/tr\/","url":"https:\/\/scacchi.it\/tr\/","name":"Home - Scacchi.it","isPartOf":{"@id":"https:\/\/scacchi.it\/#website"},"primaryImageOfPage":{"@id":"https:\/\/scacchi.it\/tr\/#primaryimage"},"image":{"@id":"https:\/\/scacchi.it\/tr\/#primaryimage"},"thumbnailUrl":"https:\/\/scacchi.it\/wp-content\/uploads\/2021\/05\/scacchi_.png","datePublished":"2022-04-14T09:09:30+00:00","dateModified":"2022-07-05T07:33:55+00:00","breadcrumb":{"@id":"https:\/\/scacchi.it\/tr\/#breadcrumb"},"inLanguage":"tr","potentialAction":[{"@type":"ReadAction","target":["https:\/\/scacchi.it\/tr\/"]}]},{"@type":"ImageObject","inLanguage":"tr","@id":"https:\/\/scacchi.it\/tr\/#primaryimage","url":"https:\/\/scacchi.it\/wp-content\/uploads\/2021\/05\/scacchi_.png","contentUrl":"https:\/\/scacchi.it\/wp-content\/uploads\/2021\/05\/scacchi_.png"},{"@type":"BreadcrumbList","@id":"https:\/\/scacchi.it\/tr\/#breadcrumb","itemListElement":[{"@type":"ListItem","position":1,"name":"Home","item":"https:\/\/scacchi.it\/tr\/"},{"@type":"ListItem","position":2,"name":"Home"}]},{"@type":"WebSite","@id":"https:\/\/scacchi.it\/#website","url":"https:\/\/scacchi.it\/","name":"Scacchi.it","description":"Scacchi","potentialAction":[{"@type":"SearchAction","target":{"@type":"EntryPoint","urlTemplate":"https:\/\/scacchi.it\/?s={search_term_string}"},"query-input":"required name=search_term_string"}],"inLanguage":"tr"}]}},"_links":{"self":[{"href":"https:\/\/scacchi.it\/tr\/wp-json\/wp\/v2\/pages\/747"}],"collection":[{"href":"https:\/\/scacchi.it\/tr\/wp-json\/wp\/v2\/pages"}],"about":[{"href":"https:\/\/scacchi.it\/tr\/wp-json\/wp\/v2\/types\/page"}],"author":[{"embeddable":true,"href":"https:\/\/scacchi.it\/tr\/wp-json\/wp\/v2\/users\/1"}],"replies":[{"embeddable":true,"href":"https:\/\/scacchi.it\/tr\/wp-json\/wp\/v2\/comments?post=747"}],"version-history":[{"count":54,"href":"https:\/\/scacchi.it\/tr\/wp-json\/wp\/v2\/pages\/747\/revisions"}],"predecessor-version":[{"id":921,"href":"https:\/\/scacchi.it\/tr\/wp-json\/wp\/v2\/pages\/747\/revisions\/921"}],"wp:attachment":[{"href":"https:\/\/scacchi.it\/tr\/wp-json\/wp\/v2\/media?parent=747"}],"curies":[{"name":"wp","href":"https:\/\/api.w.org\/{rel}","templated":true}]}}